{"id":7723,"date":"2022-02-24T11:08:51","date_gmt":"2022-02-24T10:08:51","guid":{"rendered":"https:\/\/cotarko.de\/contact"},"modified":"2026-03-02T16:24:20","modified_gmt":"2026-03-02T15:24:20","slug":"contact","status":"publish","type":"page","link":"https:\/\/cotarko.de\/en\/contact\/","title":{"rendered":"Contact"},"content":{"rendered":"<section class=\"l-section wpb_row height_huge color_alternate with_img with_shape\"><div class=\"l-section-img\" style=\"background-image: url(https:\/\/cotarko.de\/wp-content\/uploads\/2022\/01\/Bildschirmfoto-2022-01-11-um-17.54.34-1.jpeg);background-repeat: no-repeat;\" data-img-width=\"1280\" data-img-height=\"536\"><\/div><div class=\"l-section-overlay\" style=\"background:rgba(184,31,43,0.85)\"><\/div><div class=\"l-section-shape type_wave pos_bottom\" style=\"height:5vh;\"><svg xmlns=\"http:\/\/www.w3.org\/2000\/svg\" viewBox=\"0 4 64 4\" preserveAspectRatio=\"none\" width=\"100%\" height=\"100%\">\r\n\t<path fill=\"currentColor\" d=\"M64 6 C32 0 32 12 0 6 L0 8 L64 8 Z\"\/>\r\n<\/svg><\/div><div class=\"l-section-h i-cf\"><div class=\"g-cols via_flex valign_top type_default\"><div class=\"vc_col-sm-12 wpb_column vc_column_container\"><div class=\"vc_column-inner\"><div class=\"wpb_wrapper\"><h1 class=\"w-post-elm post_title align_center entry-title color_link_inherit\">Contact<\/h1><div class=\"w-separator size_large\"><\/div><\/div><\/div><\/div><\/div><\/div><\/section><section class=\"l-section wpb_row height_custom\"><div class=\"l-section-h i-cf\"><div class=\"g-cols via_flex valign_top type_default\" style=\"--additional-gap:10px;\"><div class=\"vc_col-sm-4 wpb_column vc_column_container\"><div class=\"vc_column-inner\"><div class=\"wpb_wrapper\"><div class=\"w-iconbox iconpos_left style_default color_primary align_none\"><a target=\"_blank\" href=\"https:\/\/www.google.de\/maps\/place\/Cotarko+GmbH\/@51.0107278,6.9507158,17.04z\/data=!4m5!3m4!1s0x47bf2fa7cb71ab21:0x3b958013ec57c0fe!8m2!3d51.0107243!4d6.9528363\" rel=\"noopener\" class=\"w-iconbox-link\" aria-label=\"Cotarko GmbH\"><div class=\"w-iconbox-icon\" style=\"font-size:2rem;\"><i class=\"fal fa-map-marker-alt\"><\/i><\/div><\/a><div class=\"w-iconbox-meta\"><a target=\"_blank\" href=\"https:\/\/www.google.de\/maps\/place\/Cotarko+GmbH\/@51.0107278,6.9507158,17.04z\/data=!4m5!3m4!1s0x47bf2fa7cb71ab21:0x3b958013ec57c0fe!8m2!3d51.0107243!4d6.9528363\" rel=\"noopener\" class=\"w-iconbox-link\" aria-label=\"Cotarko GmbH\"><h4 class=\"w-iconbox-title\">Cotarko GmbH<\/h4><\/a><div class=\"w-iconbox-text\"><p>Henry-Ford-Stra\u00dfe 1<br \/>\n50725 Cologne<\/p>\n<p>Delivery address\/directions:<\/p>\n<p>Emdener Stra\u00dfe Tor 24<br \/>\n50735 Cologne<\/p>\n<\/div><\/div><\/div><div class=\"w-separator size_medium\"><\/div><div class=\"w-iconbox iconpos_left style_default color_primary align_none no_text\"><div class=\"w-iconbox-icon\" style=\"font-size:2rem;\"><i class=\"fal fa-envelope\"><\/i><\/div><div class=\"w-iconbox-meta\"><h4 class=\"w-iconbox-title\">cf4info@cotarko.com<\/h4><\/div><\/div><div class=\"w-image align_none\"><a title=\"https:\/\/www.instagram.com\/cotarko\/\" target=\"_blank\" href=\"https:\/\/www.instagram.com\/cotarko\/\" rel=\"noopener\" aria-label=\"Link\" class=\"w-image-h\"><img loading=\"lazy\" decoding=\"async\" width=\"300\" height=\"300\" src=\"https:\/\/cotarko.de\/wp-content\/uploads\/2025\/02\/cotarko_qrcode-300x300.jpg\" class=\"attachment-medium size-medium\" alt=\"\" srcset=\"https:\/\/cotarko.de\/wp-content\/uploads\/2025\/02\/cotarko_qrcode-300x300.jpg 300w, https:\/\/cotarko.de\/wp-content\/uploads\/2025\/02\/cotarko_qrcode-150x150.jpg 150w, https:\/\/cotarko.de\/wp-content\/uploads\/2025\/02\/cotarko_qrcode-400x400.jpg 400w, https:\/\/cotarko.de\/wp-content\/uploads\/2025\/02\/cotarko_qrcode.jpg 629w\" sizes=\"auto, (max-width: 300px) 100vw, 300px\" \/><\/a><\/div><\/div><\/div><\/div><div class=\"vc_col-sm-4 wpb_column vc_column_container\"><div class=\"vc_column-inner\"><div class=\"wpb_wrapper\"><div class=\"wpb_text_column\"><div class=\"wpb_wrapper\"><h5>How to find us:<\/h5>\n<p><strong>When coming from Koblenz via the A1<\/strong><\/p>\n<ul>\n<li>Take exit 100 K\u00f6ln-Niehl direction K. F\u00fchlingen\/K.-Niehl\/K. Merkenich<\/li>\n<li>Keep right at the junction<\/li>\n<li>Follow the signs to Niehl\/Merkenich and take Industriestra\u00dfe<\/li>\n<li>Exit direction Merkenich<\/li>\n<li>Turn right into Emdener Stra\u00dfe<\/li>\n<li>Gate 24 is signposted, please register there<\/li>\n<li>The visitors\u2019 parking area is to the left in front of the factory gate<\/li>\n<\/ul>\n<\/div><\/div><\/div><\/div><\/div><div class=\"vc_col-sm-4 wpb_column vc_column_container\"><div class=\"vc_column-inner\"><div class=\"wpb_wrapper\"><div class=\"w-separator size_large\"><\/div><div class=\"wpb_text_column\"><div class=\"wpb_wrapper\"><p><strong>When coming from Dortmund via the A1<\/strong><\/p>\n<ul>\n<li>Take exit 100 K\u00f6ln-Niehl direction K. F\u00fchlingen\/K.-Niehl\/K. Merkenich<\/li>\n<li> Keep left at the fork<\/li>\n<li>Follow the signs to Niehl\/Merkenich and take Industriestra\u00dfe<\/li>\n<li>Exit direction Merkenich<\/li>\n<li> Turn right into Emdener Stra\u00dfe<\/li>\n<li> Gate 24 is signposted, please register there<\/li>\n<li> The visitors\u2019 parking area is to the left in front of the factory gate<\/li>\n<\/ul>\n<\/div><\/div><\/div><\/div><\/div><\/div><\/div><\/section><section class=\"l-section wpb_row height_custom\"><div class=\"l-section-h i-cf\"><div class=\"g-cols via_flex valign_top type_default\" style=\"--additional-gap:10px;\"><div class=\"vc_col-sm-12 wpb_column vc_column_container\"><div class=\"vc_column-inner\"><div class=\"wpb_wrapper\"><div class=\"w-map provider_osm\" id=\"us_map_1\"><div class=\"w-map-json\" onclick='return {&quot;address&quot;:&quot;51.01084, 6.95287&quot;,&quot;zoom&quot;:14,&quot;hideControls&quot;:0,&quot;disableZoom&quot;:0,&quot;disableDragging&quot;:0,&quot;markers&quot;:[{&quot;address&quot;:&quot;51.01084, 6.95287&quot;,&quot;html&quot;:&quot;&lt;h6&gt;Welcome to Cotarko GmbH&lt;\\\/h6&gt;&lt;p&gt;We will be glad to see you.&lt;\\\/p&gt;&quot;,&quot;infowindow&quot;:&quot;1&quot;}],&quot;style&quot;:&quot;https:\\\/\\\/{s}.tile.openstreetmap.org\\\/{z}\\\/{x}\\\/{y}.png&quot;}'><\/div><\/div><\/div><\/div><\/div><\/div><\/div><\/section><section class=\"l-section wpb_row height_custom color_primary\" id=\"Contact persons\"><div class=\"l-section-h i-cf\"><div class=\"g-cols via_flex valign_top type_default\"><div class=\"vc_col-sm-12 wpb_column vc_column_container\"><div class=\"vc_column-inner\"><div class=\"wpb_wrapper\"><div class=\"wpb_text_column\"><div class=\"wpb_wrapper\"><h2 style=\"text-align: left;\">Our contact persons<\/h2>\n<\/div><\/div><div class=\"w-separator size_large\"><\/div><div class=\"g-cols wpb_row via_flex valign_top type_default\" style=\"--additional-gap:30;\"><div class=\"vc_col-sm-4 wpb_column vc_column_container\"><div class=\"vc_column-inner\"><div class=\"wpb_wrapper\"><div class=\"w-person layout_circle with_desc with_socials\" itemscope itemtype=\"https:\/\/schema.org\/Person\"><div class=\"w-person-image\"><img loading=\"lazy\" decoding=\"async\" width=\"1483\" height=\"1483\" src=\"https:\/\/cotarko.de\/wp-content\/uploads\/2021\/11\/DSC7051.jpeg\" class=\"attachment-full size-full\" alt=\"\" srcset=\"https:\/\/cotarko.de\/wp-content\/uploads\/2021\/11\/DSC7051.jpeg 1483w, https:\/\/cotarko.de\/wp-content\/uploads\/2021\/11\/DSC7051-300x300.jpeg 300w, https:\/\/cotarko.de\/wp-content\/uploads\/2021\/11\/DSC7051-1024x1024.jpeg 1024w, https:\/\/cotarko.de\/wp-content\/uploads\/2021\/11\/DSC7051-150x150.jpeg 150w, https:\/\/cotarko.de\/wp-content\/uploads\/2021\/11\/DSC7051-400x400.jpeg 400w\" sizes=\"auto, (max-width: 1483px) 100vw, 1483px\" \/><div class=\"w-person-links\"><div class=\"w-person-links-list\"><a class=\"w-person-links-item type_email\" title=\"Email\" href=\"mailto:mkrause2@cotarko.com\"><i class=\"fas fa-envelope\"><\/i><\/a><\/div><\/div><\/div><div class=\"w-person-content\"><h4 itemprop=\"name\" class=\"w-person-name\"><span>Markus Krause<\/span><\/h4><div class=\"w-person-role\" itemprop=\"jobTitle\">mkrause2@cotarko.com<\/div><div class=\"w-person-description\" itemprop=\"description\"><p>Managing Director<\/p>\n<\/div><\/div><\/div><\/div><\/div><\/div><div class=\"vc_col-sm-4 wpb_column vc_column_container\"><div class=\"vc_column-inner\"><div class=\"wpb_wrapper\"><div class=\"w-person layout_circle with_desc with_socials\" itemscope itemtype=\"https:\/\/schema.org\/Person\"><div class=\"w-person-image\"><img loading=\"lazy\" decoding=\"async\" width=\"2000\" height=\"2000\" src=\"https:\/\/cotarko.de\/wp-content\/uploads\/2021\/11\/DSC6877.jpeg\" class=\"attachment-full size-full\" alt=\"\" srcset=\"https:\/\/cotarko.de\/wp-content\/uploads\/2021\/11\/DSC6877.jpeg 2000w, https:\/\/cotarko.de\/wp-content\/uploads\/2021\/11\/DSC6877-300x300.jpeg 300w, https:\/\/cotarko.de\/wp-content\/uploads\/2021\/11\/DSC6877-1024x1024.jpeg 1024w, https:\/\/cotarko.de\/wp-content\/uploads\/2021\/11\/DSC6877-150x150.jpeg 150w, https:\/\/cotarko.de\/wp-content\/uploads\/2021\/11\/DSC6877-1536x1536.jpeg 1536w, https:\/\/cotarko.de\/wp-content\/uploads\/2021\/11\/DSC6877-400x400.jpeg 400w\" sizes=\"auto, (max-width: 2000px) 100vw, 2000px\" \/><div class=\"w-person-links\"><div class=\"w-person-links-list\"><a class=\"w-person-links-item type_email\" title=\"Email\" href=\"mailto:glamanna@cotarko.com\"><i class=\"fas fa-envelope\"><\/i><\/a><\/div><\/div><\/div><div class=\"w-person-content\"><h4 itemprop=\"name\" class=\"w-person-name\"><span>Guido Lamanna<\/span><\/h4><div class=\"w-person-role\" itemprop=\"jobTitle\">glamanna@cotarko.com<\/div><div class=\"w-person-description\" itemprop=\"description\"><p>Head of Sales &amp; Marketing<\/p>\n<\/div><\/div><\/div><\/div><\/div><\/div><div class=\"vc_col-sm-4 wpb_column vc_column_container\"><div class=\"vc_column-inner\"><div class=\"wpb_wrapper\"><div class=\"w-person layout_circle with_desc with_socials\" itemscope itemtype=\"https:\/\/schema.org\/Person\"><div class=\"w-person-image\"><img loading=\"lazy\" decoding=\"async\" width=\"2560\" height=\"2560\" src=\"https:\/\/cotarko.de\/wp-content\/uploads\/2025\/11\/c_DBSONICMEDIA_R8910-1-scaled.jpg\" class=\"attachment-full size-full\" alt=\"\" srcset=\"https:\/\/cotarko.de\/wp-content\/uploads\/2025\/11\/c_DBSONICMEDIA_R8910-1-scaled.jpg 2560w, https:\/\/cotarko.de\/wp-content\/uploads\/2025\/11\/c_DBSONICMEDIA_R8910-1-300x300.jpg 300w, https:\/\/cotarko.de\/wp-content\/uploads\/2025\/11\/c_DBSONICMEDIA_R8910-1-1024x1024.jpg 1024w, https:\/\/cotarko.de\/wp-content\/uploads\/2025\/11\/c_DBSONICMEDIA_R8910-1-150x150.jpg 150w, https:\/\/cotarko.de\/wp-content\/uploads\/2025\/11\/c_DBSONICMEDIA_R8910-1-1536x1536.jpg 1536w, https:\/\/cotarko.de\/wp-content\/uploads\/2025\/11\/c_DBSONICMEDIA_R8910-1-400x400.jpg 400w\" sizes=\"auto, (max-width: 2560px) 100vw, 2560px\" \/><div class=\"w-person-links\"><div class=\"w-person-links-list\"><a class=\"w-person-links-item type_email\" title=\"Email\" href=\"mailto:cstrutz@cotarko.com\"><i class=\"fas fa-envelope\"><\/i><\/a><\/div><\/div><\/div><div class=\"w-person-content\"><h4 itemprop=\"name\" class=\"w-person-name\"><span>Christiane Strutz<\/span><\/h4><div class=\"w-person-role\" itemprop=\"jobTitle\">cstrutz@cotarko.com<\/div><div class=\"w-person-description\" itemprop=\"description\"><p>Purchasing Manager<\/p>\n<\/div><\/div><\/div><\/div><\/div><\/div><\/div><div class=\"w-separator size_large\"><\/div><div class=\"g-cols wpb_row via_flex valign_top type_default\" style=\"--additional-gap:30;\"><div class=\"vc_col-sm-4 wpb_column vc_column_container\"><div class=\"vc_column-inner\"><div class=\"wpb_wrapper\"><\/div><\/div><\/div><div class=\"vc_col-sm-4 vc_hidden-lg vc_hidden-md vc_hidden-sm vc_hidden-xs wpb_column vc_column_container\"><div class=\"vc_column-inner\"><div class=\"wpb_wrapper\"><div class=\"w-person layout_circle with_desc with_socials\" itemscope itemtype=\"https:\/\/schema.org\/Person\"><div class=\"w-person-image\"><img loading=\"lazy\" decoding=\"async\" width=\"1132\" height=\"1132\" src=\"https:\/\/cotarko.de\/wp-content\/uploads\/2022\/12\/Schminner2-scaled-e1670311891661.jpg\" class=\"attachment-full size-full\" alt=\"\" srcset=\"https:\/\/cotarko.de\/wp-content\/uploads\/2022\/12\/Schminner2-scaled-e1670311891661.jpg 1132w, https:\/\/cotarko.de\/wp-content\/uploads\/2022\/12\/Schminner2-scaled-e1670311891661-300x300.jpg 300w, https:\/\/cotarko.de\/wp-content\/uploads\/2022\/12\/Schminner2-scaled-e1670311891661-1024x1024.jpg 1024w, https:\/\/cotarko.de\/wp-content\/uploads\/2022\/12\/Schminner2-scaled-e1670311891661-400x400.jpg 400w\" sizes=\"auto, (max-width: 1132px) 100vw, 1132px\" \/><div class=\"w-person-links\"><div class=\"w-person-links-list\"><a class=\"w-person-links-item type_email\" title=\"Email\" href=\"mailto:sschminn@cotarko.com\"><i class=\"fas fa-envelope\"><\/i><\/a><\/div><\/div><\/div><div class=\"w-person-content\"><h4 itemprop=\"name\" class=\"w-person-name\"><span>Sven Schminner<\/span><\/h4><div class=\"w-person-role\" itemprop=\"jobTitle\">sschminn@cotarko.com<\/div><div class=\"w-person-description\" itemprop=\"description\"><p>Managing Director Finances<\/p>\n<\/div><\/div><\/div><\/div><\/div><\/div><div class=\"vc_col-sm-4 vc_hidden-lg vc_hidden-md vc_hidden-sm vc_hidden-xs wpb_column vc_column_container\"><div class=\"vc_column-inner\"><div class=\"wpb_wrapper\"><div class=\"w-person layout_circle with_desc with_socials\" itemscope itemtype=\"https:\/\/schema.org\/Person\"><div class=\"w-person-image\"><img loading=\"lazy\" decoding=\"async\" width=\"640\" height=\"640\" src=\"https:\/\/cotarko.de\/wp-content\/uploads\/2022\/03\/Guido-Roettges_Geschaeftsfuehrung-Personal-Kopie.jpeg\" class=\"attachment-large size-large\" alt=\"\" srcset=\"https:\/\/cotarko.de\/wp-content\/uploads\/2022\/03\/Guido-Roettges_Geschaeftsfuehrung-Personal-Kopie.jpeg 640w, https:\/\/cotarko.de\/wp-content\/uploads\/2022\/03\/Guido-Roettges_Geschaeftsfuehrung-Personal-Kopie-300x300.jpeg 300w, https:\/\/cotarko.de\/wp-content\/uploads\/2022\/03\/Guido-Roettges_Geschaeftsfuehrung-Personal-Kopie-150x150.jpeg 150w, https:\/\/cotarko.de\/wp-content\/uploads\/2022\/03\/Guido-Roettges_Geschaeftsfuehrung-Personal-Kopie-400x400.jpeg 400w\" sizes=\"auto, (max-width: 640px) 100vw, 640px\" \/><div class=\"w-person-links\"><div class=\"w-person-links-list\"><a class=\"w-person-links-item type_email\" title=\"Email\" href=\"mailto:cf4info@cotarko.com\"><i class=\"fas fa-envelope\"><\/i><\/a><\/div><\/div><\/div><div class=\"w-person-content\"><h4 itemprop=\"name\" class=\"w-person-name\"><span>Guido R\u00f6ttges<\/span><\/h4><div class=\"w-person-role\" itemprop=\"jobTitle\">cf4info@cotarko.com<\/div><div class=\"w-person-description\" itemprop=\"description\"><p>Managing Director Human Resources<\/p>\n<\/div><\/div><\/div><\/div><\/div><\/div><\/div><div class=\"w-separator size_large\"><\/div><\/div><\/div><\/div><\/div><\/div><\/section>\n","protected":false},"excerpt":{"rendered":"ContactCotarko GmbHHenry-Ford-Stra\u00dfe 1 50725 Cologne Delivery address\/directions: Emdener Stra\u00dfe Tor 24 50735 Cologne cf4info@cotarko.comHow to find us: When coming from Koblenz via the A1 Take exit 100 K\u00f6ln-Niehl direction K. F\u00fchlingen\/K.-Niehl\/K. Merkenich Keep right at the junction Follow the signs to Niehl\/Merkenich and take Industriestra\u00dfe Exit direction Merkenich Turn right into Emdener Stra\u00dfe Gate 24...","protected":false},"author":1,"featured_media":0,"parent":0,"menu_order":0,"comment_status":"closed","ping_status":"closed","template":"","meta":{"footnotes":""},"class_list":["post-7723","page","type-page","status-publish","hentry"],"_links":{"self":[{"href":"https:\/\/cotarko.de\/en\/wp-json\/wp\/v2\/pages\/7723","targetHints":{"allow":["GET"]}}],"collection":[{"href":"https:\/\/cotarko.de\/en\/wp-json\/wp\/v2\/pages"}],"about":[{"href":"https:\/\/cotarko.de\/en\/wp-json\/wp\/v2\/types\/page"}],"author":[{"embeddable":true,"href":"https:\/\/cotarko.de\/en\/wp-json\/wp\/v2\/users\/1"}],"replies":[{"embeddable":true,"href":"https:\/\/cotarko.de\/en\/wp-json\/wp\/v2\/comments?post=7723"}],"version-history":[{"count":41,"href":"https:\/\/cotarko.de\/en\/wp-json\/wp\/v2\/pages\/7723\/revisions"}],"predecessor-version":[{"id":8506,"href":"https:\/\/cotarko.de\/en\/wp-json\/wp\/v2\/pages\/7723\/revisions\/8506"}],"wp:attachment":[{"href":"https:\/\/cotarko.de\/en\/wp-json\/wp\/v2\/media?parent=7723"}],"curies":[{"name":"wp","href":"https:\/\/api.w.org\/{rel}","templated":true}]}}